{"id":31,"date":"2019-09-22T11:13:49","date_gmt":"2019-09-22T11:13:49","guid":{"rendered":"https:\/\/finnishdream.fi\/?page_id=31"},"modified":"2026-02-11T07:12:41","modified_gmt":"2026-02-11T07:12:41","slug":"tunnelit","status":"publish","type":"page","link":"https:\/\/finnishdream.fi\/","title":{"rendered":"SAKKOJA OMANK\u00c4DEN OIKEUDESTA TUNNELITIELL\u00c4"},"content":{"rendered":"\n<p>Niin Helsingin l\u00e4pikulkutunneli kuin s\u00e4hk\u00f6potkulaudat nostattavat mielipiteit\u00e4 hankkeiden kannattavuudesta, hinnasta ja vaarallisudesta. Ollaan joko vastaan tai puolesta erilaisilla&nbsp; perusteilla tai tunteilla. Pohdinta n\u00e4iden hankkeiden mahdollisuuksista on ollut toistaiseksi v\u00e4h\u00e4ist\u00e4. Esit\u00e4n t\u00e4ss\u00e4 pient\u00e4  sivupohdintaa molemmista.<br><\/p>\n\n\n\n<p>Tunneli on n\u00e4hty vain autotunnelina. Itsekin toimiessani kaupungin luottaumustoimessa 80-luvulla, esitin nelikaistaista ajoneuvotunnelia suunnilleen samaan paikkaan mihin se nyt on suunnitelmissa sijoitettu. My\u00f6hemmin her\u00e4sin kannattamaan Tallinnan junatunnelia ja kaikkea maanalaista rakentamista. Nyt my\u00f6hemmin perusteeni ovat muuttuneet.<br><\/p>\n\n\n\n<p><\/p>\n\n\n\n<p>Muistan 70-luvulta edesmenneen professorini <em>Tapio Markkasen<\/em> aloittaneen t\u00e4htitieteen luennot luettelemalla useita kosmisia todenn\u00e4k\u00f6isyyksi\u00e4 ja mahdollisuuksia maapallon muuttumisesta ihmiselle elinkelvottomaksi tai jopa muuttumisen hetkess\u00e4 hehkuvaksi kaasuksi. En pelottele t\u00e4ss\u00e4 enemp\u00e4\u00e4 n\u00e4ill\u00e4 maailmanlopun ajatuksilla, mutta muistutan, ett\u00e4 on tiedetty riski, ett\u00e4 oma pallomme t\u00f6rm\u00e4\u00e4 avaruudessa liikkuviin muihin kappaleisiin. Puhumattakaan, ett\u00e4 pystymme jo nyt ihmiskuntana itse r\u00e4j\u00e4ytt\u00e4m\u00e4\u00e4n biosf\u00e4\u00e4rin asuinkelvottomaksi.<br><\/p>\n\n\n\n<p>Televisiossa <em>Pentti Linkola<\/em> totesi sivuviitteen\u00e4 vastauksena, kysymykseen selvi\u00e4\u00e4k\u00f6 ihmiskunta, ett\u00e4 jotkut rikkaat saattavat selvit\u00e4 piiloutumalla rakentamiinsa kallioluoliin katastrofi tapahtuu. T\u00e4m\u00e4 her\u00e4tt\u00e4\u00e4 heti ajatuksen voiko demokraattinen pohjoinen hyvinvointiyhteskunta rakentaa pelastusluolaston ihmiskunnalle? Ent\u00e4 voiko n\u00e4ille luolille olla muuta mielenkiintoista k\u00e4ytt\u00f6\u00e4, esim. varastoina (autot, tavarat, vesi, ruoka ja muut aineet), energial\u00e4hteen\u00e4 (geoterminen l\u00e4mp\u00f6) ja viimeisen\u00e4 ja innostavimpana: ymp\u00e4rivuotinen puutarhaviljely. Meid\u00e4n helsinkil\u00e4isten peruskallio, jonka my\u00f6s luottamushenkil\u00f6in\u00e4 otimme yhteis\u00f6lliseen omistukseen jo 80-luvulla, p\u00e4\u00e4tt\u00e4m\u00e4ll\u00e4, ett\u00e4 50 cm nykyisten rakennusten kellarin alimmasta pinnasta alasp\u00e4in kuuluu kaupungille, ei kiinteist\u00f6lle.&nbsp;<br><\/p>\n\n\n\n<p>Eli tehk\u00e4\u00e4mme useita sis\u00e4kk\u00e4isi\u00e4&nbsp; jousimaisesti syv\u00e4lle viett\u00e4vi\u00e4 kallioluolia 500 m&nbsp; &#8211; 2000 m halkaisijalla, joissa viljell\u00e4\u00e4n puutarhoissa koko kaupungin ruoka, ilman ett\u00e4 talvi haittaa. Energian saamme maan sisuksissa tapahtuvien radioaktiivisten hajoamisten l\u00e4mm\u00f6st\u00e4, mit\u00e4 syvemm\u00e4lle pystymme kaivautumaan. T\u00e4m\u00e4 on osa suomalaista unelmaa (Finnish Dream), johon jo nyt kiinnitet\u00e4\u00e4n huomiota maailmalla. <\/p>\n\n\n\n<p>Pyysin keino\u00e4lylt\u00e4 vastausta minusta se on seuraavassa ihan oikeassa:<\/p>\n\n\n\n<p><img loading=\"lazy\" decoding=\"async\" width=\"1500\" height=\"1500\" class=\"wp-image-70\" style=\"width: 1500px;\" src=\"https:\/\/finnishdream.fi\/wp-content\/uploads\/2026\/02\/maanalainen.png\" alt=\"\" srcset=\"https:\/\/finnishdream.fi\/wp-content\/uploads\/2026\/02\/maanalainen.png 1024w, https:\/\/finnishdream.fi\/wp-content\/uploads\/2026\/02\/maanalainen-300x300.png 300w, https:\/\/finnishdream.fi\/wp-content\/uploads\/2026\/02\/maanalainen-150x150.png 150w, https:\/\/finnishdream.fi\/wp-content\/uploads\/2026\/02\/maanalainen-768x768.png 768w, https:\/\/finnishdream.fi\/wp-content\/uploads\/2026\/02\/maanalainen-100x100.png 100w\" sizes=\"auto, (max-width: 706px) 89vw, (max-width: 767px) 82vw, 740px\" \/><\/p>\n\n\n\n<p> <strong>Ihmiskunnan turvasatama:  Maanalaisen puutarhaviljelyn v\u00e4ltt\u00e4m\u00e4tt\u00f6myys<\/strong><\/p>\n\n\n\n<p><\/p>\n\n\n\n<p><\/p>\n\n\n\n<p>Seisomme historiamme k\u00e4\u00e4nnekohdassa. Maan pinta, joka on vuosituhansien ajan tarjonnut meille elannon ja suojan, on muuttumassa yh\u00e4 arvaamattomammaksi. \u00c4\u00e4rimm\u00e4iset s\u00e4\u00e4ilmi\u00f6t, kuivuusjaksot ja nousevat l\u00e4mp\u00f6tilat uhkaavat perinteist\u00e4 maataloutta tavoilla, joita emme voi en\u00e4\u00e4 sivuuttaa. Sivilisaatiomme jatkuvuuden, ruokaturvan ja energiatehokkuuden takaamiseksi meid\u00e4n on k\u00e4\u00e4nnett\u00e4v\u00e4 katseemme uuteen suuntaan: alasp\u00e4in.<\/p>\n\n\n\n<p>T\u00e4m\u00e4 kirje ei ole vain h\u00e4t\u00e4huuto, vaan kutsu strategiseen muutokseen. Maanalainen puutarhaviljely ei ole scifi-kuvitelmaa, vaan pragmaattinen ratkaisu ihmiskunnan s\u00e4ilymiseksi.<\/p>\n\n\n\n<p><strong>Ruoantuotannon vakaus ja tehostaminen<\/strong><\/p>\n\n\n\n<ol class=\"wp-block-list\">\n<li><\/li>\n<\/ol>\n\n\n\n<p>Maanalainen viljely poistaa maatalouden suurimman riskitekij\u00e4n: s\u00e4\u00e4n. Siirt\u00e4m\u00e4ll\u00e4 ruoantuotannon kontrolloituihin maanalaisiin tiloihin (ns. &#8221;deep farms&#8221;), luomme ymp\u00e4rist\u00f6n, jossa satokausi on ikuinen.<\/p>\n\n\n\n<p>Optimaaliset olosuhteet: Voimme s\u00e4\u00e4t\u00e4\u00e4 valoa, kosteutta ja ravinteita mikrometrin tarkkuudella, mik\u00e4 maksimoi sadon ja minimoi h\u00e4vikin.<\/p>\n\n\n\n<p>Veden s\u00e4\u00e4st\u00f6: Suljetuissa kierroissa vesi ei haihdu taivaalle vaan kiert\u00e4\u00e4 jatkuvasti. Maanalainen viljely k\u00e4ytt\u00e4\u00e4 jopa 90 % v\u00e4hemm\u00e4n vett\u00e4 kuin perinteinen peltoviljely.<\/p>\n\n\n\n<p>Tuholaisvapaa ymp\u00e4rist\u00f6: Eristetyt tilat v\u00e4hent\u00e4v\u00e4t dramaattisesti tuhohy\u00f6nteisten ja kasvitautien riski\u00e4, mik\u00e4 poistaa tarpeen haitallisille torjunta-aineille.<\/p>\n\n\n\n<p><strong>L\u00e4mm\u00f6n tuotanto ja energiatehokkuus<\/strong><\/p>\n\n\n\n<ol start=\"2\" class=\"wp-block-list\">\n<li><\/li>\n<\/ol>\n\n\n\n<p>Yksi maanalaisen rakentamisen suurimmista eduista on geoterminen vakaus. Mutta kyse ei ole vain passiivisesta l\u00e4mm\u00f6st\u00e4, vaan aktiivisesta energiantuotannosta:<\/p>\n\n\n\n<p>Maa l\u00e4mp\u00f6patterina: Maaper\u00e4 toimii valtavana l\u00e4mp\u00f6akkuna. Maanalaiset viljelm\u00e4t eiv\u00e4t k\u00e4rsi pakkasista, mik\u00e4 v\u00e4hent\u00e4\u00e4 l\u00e4mmityskuluja radikaalisti.<\/p>\n\n\n\n<p>Hukkal\u00e4mm\u00f6n hy\u00f6dynt\u00e4minen: Tehokkaat LED-kasvatusvalot ja viljelyprosessit tuottavat l\u00e4mp\u00f6\u00e4. Maan alla t\u00e4m\u00e4 l\u00e4mp\u00f6 ei karkaa &#8221;harakoille&#8221;, vaan se voidaan ohjata suoraan asuintilojen l\u00e4mmitykseen tai varastoida kallioper\u00e4\u00e4n my\u00f6hemp\u00e4\u00e4 k\u00e4ytt\u00f6\u00e4 varten.<\/p>\n\n\n\n<p>Bioenergia: Viljelyn sivutuotteena syntyv\u00e4 biomassa voidaan k\u00e4sitell\u00e4 paikan p\u00e4\u00e4ll\u00e4 biokaasureaktoreissa, jotka tuottavat sek\u00e4 l\u00e4mp\u00f6\u00e4 ett\u00e4 s\u00e4hk\u00f6\u00e4 suljetussa kierrossa. Maanalainen puutarha on siis my\u00f6s voimalaitos.<\/p>\n\n\n\n<p><strong>Ihmiskunnan resilienssi eli kriisinkest\u00e4vyys<\/strong><\/p>\n\n\n\n<ol start=\"3\" class=\"wp-block-list\">\n<li><\/li>\n<\/ol>\n\n\n\n<p>Maanalainen infrastruktuuri on paras vakuutuksemme eksistentiaalisia uhkia vastaan. Olipa kyseess\u00e4 supertulivuoren purkaus, ydintalvi tai asteroidin isku, maanalaiset ekosysteemit voivat jatkaa toimintaansa pinnan olosuhteista riippumatta. Ne toimivat &#8221;Nooan arkkeina&#8221; kasvi- ja eli\u00f6kunnalle sek\u00e4 ihmisravinnolle.<\/p>\n\n\n\n<p><strong>Pinnan vapauttaminen luonnolle<\/strong><\/p>\n\n\n\n<ol start=\"4\" class=\"wp-block-list\">\n<li><\/li>\n<\/ol>\n\n\n\n<p>Siirt\u00e4m\u00e4ll\u00e4 teollisen mittakaavan ruoantuotannon maan alle, vapautamme valtavia pinta-aloja maan p\u00e4\u00e4ll\u00e4. T\u00e4m\u00e4 mahdollistaa laajamittaisen metsityksen ja luonnon monimuotoisuuden palauttamisen (rewilding), mik\u00e4 on tehokkain keino sitoa ilmakeh\u00e4n hiilt\u00e4 ja viilent\u00e4\u00e4 planeettaa.<\/p>\n\n\n\n<p>Hyv\u00e4t p\u00e4\u00e4tt\u00e4j\u00e4t, maanalainen vallankumous ei vaadi uutta fysiikkaa, vaan uutta asennetta. Teknologia on jo olemassa. Meid\u00e4n on alettava n\u00e4hd\u00e4 maankuori ei vain perustuksena, vaan aktiivisena, suojelevana ja el\u00e4tt\u00e4v\u00e4n\u00e4 kerroksena.<\/p>\n\n\n\n<p>Investointi maanalaiseen puutarhaviljelyyn on investointi ihmiskunnan pysyvyyteen. Se on ainoa tapa taata, ett\u00e4 riippumatta siit\u00e4, kuinka myrskyis\u00e4ksi taivas muuttuu, meill\u00e4 on aina ruokaa, l\u00e4mp\u00f6\u00e4 ja turvaa jalkojemme alla.<\/p>\n\n\n\n<p class=\"has-large-font-size\"><mark style=\"background-color:rgba(0, 0, 0, 0)\" class=\"has-inline-color has-vivid-red-color\">JA LOPUKSI S\u00c4HK\u00d6POTKULAUDAT<\/mark><\/p>\n\n\n\n<p>Ovat toistaiseksi parasta mit\u00e4 s\u00e4hk\u00f6inen ihmiskunta on kulkuneuvoiksi kehitt\u00e4nyt. Hienona lis\u00e4n\u00e4 voisi olla yht\u00e4tehokkailla moottoreilla ja akuilla varustetut s\u00e4hk\u00f6py\u00f6r\u00e4tuolit kaduilla odottamassa. Ja jotka omatoimisesti ruokakuljetusten tavoin veisiv\u00e4t niihin istahtaneita kauppoihin, koteihin ja vaikka turistikohteisiin&#8230;<br><\/p>\n\n\n\n<figure class=\"wp-block-image size-large\"><img loading=\"lazy\" decoding=\"async\" width=\"743\" height=\"1024\" src=\"https:\/\/finnishdream.fi\/wp-content\/uploads\/2022\/10\/IMG_2068-1-743x1024.jpg\" alt=\"Rapakivi Viipurista\" class=\"wp-image-54\" srcset=\"https:\/\/finnishdream.fi\/wp-content\/uploads\/2022\/10\/IMG_2068-1-743x1024.jpg 743w, https:\/\/finnishdream.fi\/wp-content\/uploads\/2022\/10\/IMG_2068-1-218x300.jpg 218w, https:\/\/finnishdream.fi\/wp-content\/uploads\/2022\/10\/IMG_2068-1-768x1058.jpg 768w, https:\/\/finnishdream.fi\/wp-content\/uploads\/2022\/10\/IMG_2068-1.jpg 1000w\" sizes=\"auto, (max-width: 706px) 89vw, (max-width: 767px) 82vw, 740px\" \/><\/figure>\n\n\n\n<p><\/p>\n\n\n\n<figure class=\"wp-block-image size-full\"><img loading=\"lazy\" decoding=\"async\" width=\"1000\" height=\"750\" src=\"https:\/\/finnishdream.fi\/wp-content\/uploads\/2022\/10\/IMG_2066.jpg\" alt=\"2 mrd vuotta\" class=\"wp-image-55\" srcset=\"https:\/\/finnishdream.fi\/wp-content\/uploads\/2022\/10\/IMG_2066.jpg 1000w, https:\/\/finnishdream.fi\/wp-content\/uploads\/2022\/10\/IMG_2066-300x225.jpg 300w, https:\/\/finnishdream.fi\/wp-content\/uploads\/2022\/10\/IMG_2066-768x576.jpg 768w\" sizes=\"auto, (max-width: 706px) 89vw, (max-width: 767px) 82vw, 740px\" \/><\/figure>\n","protected":false},"excerpt":{"rendered":"<p>Niin Helsingin l\u00e4pikulkutunneli kuin s\u00e4hk\u00f6potkulaudat nostattavat mielipiteit\u00e4 hankkeiden kannattavuudesta, hinnasta ja vaarallisudesta. Ollaan joko vastaan tai puolesta erilaisilla&nbsp; perusteilla tai tunteilla. Pohdinta n\u00e4iden hankkeiden mahdollisuuksista on ollut toistaiseksi v\u00e4h\u00e4ist\u00e4. Esit\u00e4n t\u00e4ss\u00e4 pient\u00e4 sivupohdintaa molemmista. Tunneli on n\u00e4hty vain autotunnelina. Itsekin toimiessani kaupungin luottaumustoimessa 80-luvulla, esitin nelikaistaista ajoneuvotunnelia suunnilleen samaan paikkaan mihin se nyt on suunnitelmissa &hellip; <\/p>\n<p class=\"link-more\"><a href=\"https:\/\/finnishdream.fi\/\" class=\"more-link\">Jatka lukemista<span class=\"screen-reader-text\"> &#8221;SAKKOJA OMANK\u00c4DEN OIKEUDESTA TUNNELITIELL\u00c4&#8221;<\/span><\/a><\/p>\n","protected":false},"author":1,"featured_media":0,"parent":0,"menu_order":0,"comment_status":"closed","ping_status":"closed","template":"","meta":{"footnotes":""},"class_list":["post-31","page","type-page","status-publish","hentry"],"jetpack_sharing_enabled":true,"_links":{"self":[{"href":"https:\/\/finnishdream.fi\/index.php?rest_route=\/wp\/v2\/pages\/31","targetHints":{"allow":["GET"]}}],"collection":[{"href":"https:\/\/finnishdream.fi\/index.php?rest_route=\/wp\/v2\/pages"}],"about":[{"href":"https:\/\/finnishdream.fi\/index.php?rest_route=\/wp\/v2\/types\/page"}],"author":[{"embeddable":true,"href":"https:\/\/finnishdream.fi\/index.php?rest_route=\/wp\/v2\/users\/1"}],"replies":[{"embeddable":true,"href":"https:\/\/finnishdream.fi\/index.php?rest_route=%2Fwp%2Fv2%2Fcomments&post=31"}],"version-history":[{"count":17,"href":"https:\/\/finnishdream.fi\/index.php?rest_route=\/wp\/v2\/pages\/31\/revisions"}],"predecessor-version":[{"id":73,"href":"https:\/\/finnishdream.fi\/index.php?rest_route=\/wp\/v2\/pages\/31\/revisions\/73"}],"wp:attachment":[{"href":"https:\/\/finnishdream.fi\/index.php?rest_route=%2Fwp%2Fv2%2Fmedia&parent=31"}],"curies":[{"name":"wp","href":"https:\/\/api.w.org\/{rel}","templated":true}]}}